{"id":148,"date":"2024-08-14T09:41:39","date_gmt":"2024-08-14T07:41:39","guid":{"rendered":"http:\/\/fisioterapiaenibiza.com\/pagina-ejemplo\/?lang=en"},"modified":"2026-02-24T13:49:04","modified_gmt":"2026-02-24T12:49:04","slug":"home","status":"publish","type":"page","link":"https:\/\/fisioterapiaenibiza.com\/en\/","title":{"rendered":"Home"},"content":{"rendered":"<div class=\"wpb-content-wrapper\"><p>[vc_row full_content_width=&#8221;row-inner-full&#8221; top=&#8221;0&#8243; bottom=&#8221;0&#8243; row_show_on=&#8221;hide_mobile_landscape,hide_mobile_portrait&#8221; bg_color=&#8221;#3498db&#8221;][vc_column][rev_slider_vc alias=&#8221;home&#8221;][\/vc_column][\/vc_row][vc_row full_content_width=&#8221;row-inner-full&#8221; top=&#8221;0&#8243; bottom=&#8221;0&#8243; row_show_on=&#8221;hide_on_normal_screen,hide_tablet_landscape,hide_tablet_portrait&#8221; bg_color=&#8221;#3498db&#8221;][vc_column][vc_single_image image=&#8221;564&#8243; img_size=&#8221;full&#8221;][\/vc_column][\/vc_row][vc_row top=&#8221;35px&#8221; bottom=&#8221;0px&#8221;][vc_column][vc_custom_heading text=&#8221;PHYSIOTHERAPY IN IBIZA OF THE POLICLINICA GROUP&#8221; font_container=&#8221;tag:h1|text_align:center&#8221; use_theme_fonts=&#8221;yes&#8221;][\/vc_column][\/vc_row][vc_row top=&#8221;35px&#8221; bottom=&#8221;0px&#8221;][vc_column][vc_column_text css=&#8221;&#8221;]<\/p>\n<p style=\"text-align: justify;\">Nuestro principal objetivo es ofrecer un servicio de m\u00e1xima calidad a nuestros pacientes a trav\u00e9s de tratamientos de fisioterapia. Nos enfocamos en ofrecer una atenci\u00f3n cercana y personalizada, para acompa\u00f1arte en tu proceso de recuperaci\u00f3n y mejora.<\/p>\n<p style=\"text-align: justify;\">Con m\u00e1s de <strong>50 a\u00f1os de trayectoria<\/strong>, formamos parte de una instituci\u00f3n sanitaria de referencia en las Islas Baleares. Nuestra experiencia, combinada con un compromiso continuo con la calidad y la innovaci\u00f3n, nos permite proporcionar servicios efectivos y seguros, respaldados por certificaciones de calidad.<\/p>\n<p>En nuestro <strong>centro de fisioterapia en Ibiza<\/strong>, contamos con un equipo de <strong>profesionales especializados<\/strong> y <strong>tecnolog\u00eda de vanguardia<\/strong>. Ofrecemos soluciones para una amplia gama de necesidades: desde rehabilitaci\u00f3n tras una lesi\u00f3n deportiva hasta el manejo de dolores cr\u00f3nicos o la recuperaci\u00f3n postquir\u00fargica. Todo ello con el objetivo de ayudarte a recuperar tu funcionalidad y calidad de vida.<\/p>\n<p>Cada tratamiento es dise\u00f1ado de manera individualizada, empleando m\u00e9todos como ejercicios terap\u00e9uticos, t\u00e9cnicas manuales, y aplicaciones de tecnolog\u00eda avanzada, siempre priorizando tu seguridad y comodidad.<\/p>\n<p><strong>La fisioterapia es mucho m\u00e1s que una t\u00e9cnica:<\/strong> es una herramienta clave en el cuidado de la salud que promueve la prevenci\u00f3n y el tratamiento de diversas condiciones. En el Grupo Policl\u00ednica, trabajamos para garantizar que cada sesi\u00f3n contribuya de manera significativa a tu bienestar.<\/p>\n<p>Conf\u00eda en nuestro equipo para dar el siguiente paso hacia tu recuperaci\u00f3n. Estamos aqu\u00ed para apoyarte con profesionalidad y dedicaci\u00f3n, en un entorno que prioriza tu salud y tu tranquilidad.[\/vc_column_text][\/vc_column][\/vc_row][vc_row top=&#8221;35px&#8221; bottom=&#8221;35px&#8221;][vc_column][vc_testimonial_slider style=&#8221;testimonials-style-2&#8243; bullets=&#8221;paging-false&#8221;][vc_testimonial name=&#8221;&#8221; author_dec=&#8221;&#8221; position=&#8221;Developer&#8221; el_class=&#8221;home-testimonials&#8221;]El fisioterapeuta es un profesional sanitario con formaci\u00f3n universitaria. [\/vc_testimonial][\/vc_testimonial_slider][vc_column_text css=&#8221;&#8221;]<\/p>\n<p style=\"text-align: justify;\">La fisioterapia es una disciplina de la salud que combina conocimiento cient\u00edfico y t\u00e9cnicas avanzadas para ofrecer <strong>alternativas terap\u00e9uticas no farmacol\u00f3gicas<\/strong>. Est\u00e1 dise\u00f1ada para aliviar y prevenir s\u00edntomas asociados a m\u00faltiples dolencias, <strong>tanto agudas como cr\u00f3nicas<\/strong>. Entre sus m\u00e9todos destacan el ejercicio terap\u00e9utico, el uso de calor y fr\u00edo, la luz, el agua, t\u00e9cnicas manuales como el masaje y la electroterapia. Este enfoque integral tiene como objetivo<strong> mejorar la movilidad<\/strong>, <strong>reducir el dolor<\/strong> y promover una recuperaci\u00f3n funcional que favorezca la <strong>calidad de vida del paciente<\/strong>.<\/p>\n<p>[\/vc_column_text][\/vc_column][\/vc_row][vc_row bottom=&#8221;20px&#8221;][vc_column][vc_custom_heading text=&#8221;Physiotherapy specialities in Ibiza&#8221; font_container=&#8221;tag:h2|text_align:center&#8221; use_theme_fonts=&#8221;yes&#8221;][\/vc_column][\/vc_row][vc_row top=&#8221;20px&#8221; bottom=&#8221;20px&#8221;][vc_column width=&#8221;1\/2&#8243;][vc_custom_heading text=&#8221;Osteopathy&#8221; font_container=&#8221;tag:h2|text_align:center&#8221; use_theme_fonts=&#8221;yes&#8221;][vc_single_image image=&#8221;956&#8243; img_size=&#8221;full&#8221; style=&#8221;vc_box_outline&#8221;][vc_column_text css=&#8221;&#8221;]La osteopat\u00eda es un procedimiento manual dedicado al examen y tratamiento del sistema musculoesquel\u00e9tico, los \u00f3rganos y los tejidos del cuerpo. Nuestros oste\u00f3patas, mediante el uso de t\u00e9cnicas especializadas, trabajan con las manos para identificar y tratar las disfunciones corporales. Cada tratamiento se adapta cuidadosamente a las necesidades espec\u00edficas de cada paciente, garantizando un enfoque personalizado que busca restaurar el equilibrio, mejorar la funcionalidad y promover el bienestar general.<\/p>\n<p><a class=\"home-info\" href=\"https:\/\/fisioterapiaenibiza.com\/en\/specialties-and-treatments\/osteopathy\/\">M\u00e1s informaci\u00f3n &gt;&gt;&gt;<\/a>[\/vc_column_text][\/vc_column][vc_column width=&#8221;1\/2&#8243;][vc_custom_heading text=&#8221;Paediatric physiotherapy&#8221; font_container=&#8221;tag:h2|text_align:center&#8221; use_theme_fonts=&#8221;yes&#8221;][vc_single_image image=&#8221;958&#8243; img_size=&#8221;full&#8221; style=&#8221;vc_box_outline&#8221;][vc_column_text css=&#8221;&#8221;]Como fisioterapeutas especializados en pediatr\u00eda, nos enfocamos en cuidar el desarrollo f\u00edsico, mental y emocional de tu hijo. Ofrecemos tratamiento desde beb\u00e9s prematuros hasta adolescentes que presentan alteraciones en su desarrollo sensomotor o est\u00e1n en riesgo de padecerlas. Nuestro enfoque personalizado busca garantizar un progreso saludable y equilibrado en cada etapa de crecimiento.<\/p>\n<p><a class=\"home-info\" href=\"https:\/\/fisioterapiaenibiza.com\/en\/specialties-and-treatments\/paediatric-physiotherapy\/\">M\u00e1s informaci\u00f3n &gt;&gt;&gt;<\/a>[\/vc_column_text][\/vc_column][\/vc_row][vc_row top=&#8221;20px&#8221; bottom=&#8221;20px&#8221;][vc_column width=&#8221;1\/2&#8243;][vc_custom_heading text=&#8221;Respiratory physiotherapy&#8221; font_container=&#8221;tag:h2|text_align:center&#8221; use_theme_fonts=&#8221;yes&#8221;][vc_single_image image=&#8221;961&#8243; img_size=&#8221;full&#8221; style=&#8221;vc_box_outline&#8221;][vc_column_text css=&#8221;&#8221;]La terapia respiratoria est\u00e1 dise\u00f1ada para ayudar a personas que padecen enfermedades como el asma o la bronquitis cr\u00f3nica, as\u00ed como aquellos que experimentan migra\u00f1as, dolores articulares o musculares. Este tratamiento no solo alivia las molestias, sino que tambi\u00e9n contribuye a mejorar significativamente la calidad de vida de quienes lo necesitan.<\/p>\n<p><a class=\"home-info\" href=\"https:\/\/fisioterapiaenibiza.com\/en\/specialties-and-treatments\/respiratory-physiotherapy\/\">M\u00e1s informaci\u00f3n &gt;&gt;&gt;<\/a>[\/vc_column_text][\/vc_column][vc_column width=&#8221;1\/2&#8243;][vc_custom_heading text=&#8221;Manual therapy&#8221; font_container=&#8221;tag:h2|text_align:center&#8221; use_theme_fonts=&#8221;yes&#8221;][vc_single_image image=&#8221;963&#8243; img_size=&#8221;full&#8221; style=&#8221;vc_box_outline&#8221;][vc_column_text css=&#8221;&#8221;]La terapia manual es un enfoque terap\u00e9utico centrado en el diagn\u00f3stico y tratamiento de los trastornos funcionales del sistema musculoesquel\u00e9tico. Utiliza t\u00e9cnicas especializadas de agarre y movilizaci\u00f3n dise\u00f1adas para aliviar el dolor y restaurar la funcionalidad del movimiento, proporcionando una soluci\u00f3n eficaz y personalizada para cada paciente.<\/p>\n<p><a class=\"home-info\" href=\"https:\/\/fisioterapiaenibiza.com\/en\/specialties-and-treatments\/manual-therapy\/\">M\u00e1s informaci\u00f3n &gt;&gt;&gt;<\/a>[\/vc_column_text][\/vc_column][\/vc_row][vc_row top=&#8221;20px&#8221; bottom=&#8221;20px&#8221;][vc_column width=&#8221;1\/2&#8243;][vc_custom_heading text=&#8221;Rehabilitation in traumatology&#8221; font_container=&#8221;tag:h2|text_align:center&#8221; use_theme_fonts=&#8221;yes&#8221;][vc_single_image image=&#8221;965&#8243; img_size=&#8221;full&#8221; style=&#8221;vc_box_outline&#8221;][vc_column_text css=&#8221;&#8221;]Para que pueda volver a moverse de forma independiente, sin preocupaciones y sin dolor, le ofrecemos una rehabilitaci\u00f3n especializada en ortopedia. Nuestro tratamiento est\u00e1 enfocado en los signos de desgaste provocados por accidentes y operaciones del sistema postural y musculoesquel\u00e9tico. Buscamos devolverle la libertad de movimiento de la mejor manera posible y tratar los dolores cr\u00f3nicos de forma espec\u00edfica y duradera.<\/p>\n<p><a class=\"home-info\" href=\"https:\/\/fisioterapiaenibiza.com\/en\/specialties-and-treatments\/rehabilitation-in-traumatology-and-orthopaedics\/\">M\u00e1s informaci\u00f3n &gt;&gt;&gt;<\/a>[\/vc_column_text][\/vc_column][vc_column width=&#8221;1\/2&#8243;][vc_custom_heading text=&#8221;Physiotherapy for sports injuries&#8221; font_container=&#8221;tag:h2|text_align:center&#8221; use_theme_fonts=&#8221;yes&#8221;][vc_single_image image=&#8221;967&#8243; img_size=&#8221;full&#8221; style=&#8221;vc_box_outline&#8221;][vc_column_text css=&#8221;&#8221;]Como fisioterapeutas deportivos, ofrecemos atenci\u00f3n especializada tanto a deportistas profesionales como a aficionados, ayud\u00e1ndoles en la rehabilitaci\u00f3n tras lesiones y cirug\u00edas. Adem\u00e1s, acompa\u00f1amos y asesoramos a atletas de diversas disciplinas durante sus entrenamientos y competiciones, garantizando un enfoque integral para optimizar su rendimiento y prevenir futuras lesiones.<\/p>\n<p><a class=\"home-info\" href=\"https:\/\/fisioterapiaenibiza.com\/especialidades-y-tratamientos\/fisioterapia-en-lesiones-deportivas\/\">M\u00e1s informaci\u00f3n &gt;&gt;&gt;<\/a>[\/vc_column_text][\/vc_column][\/vc_row][vc_row top=&#8221;20px&#8221; bottom=&#8221;20px&#8221;][vc_column width=&#8221;1\/2&#8243;][vc_custom_heading text=&#8221;Neurological physiotherapy&#8221; font_container=&#8221;tag:h2|text_align:center&#8221; use_theme_fonts=&#8221;yes&#8221;][vc_single_image image=&#8221;969&#8243; img_size=&#8221;full&#8221; style=&#8221;vc_box_outline&#8221;][vc_column_text css=&#8221;&#8221;]La fisioterapia neurol\u00f3gica es una especialidad enfocada en el tratamiento de personas con afecciones que afectan el sistema nervioso. Estas afecciones, conocidas como trastornos neurol\u00f3gicos, pueden alterar el funcionamiento del cerebro, la m\u00e9dula espinal y los nervios, impactando significativamente la movilidad y calidad de vida de quienes las padecen.<\/p>\n<p><a class=\"home-info\" href=\"https:\/\/fisioterapiaenibiza.com\/en\/specialties-and-treatments\/neurological-physiotherapy\/\">M\u00e1s informaci\u00f3n &gt;&gt;&gt;<\/a>[\/vc_column_text][\/vc_column][vc_column width=&#8221;1\/2&#8243;][vc_custom_heading text=&#8221;Pelvic floor&#8221; font_container=&#8221;tag:h2|text_align:center&#8221; use_theme_fonts=&#8221;yes&#8221; css=&#8221;&#8221;][vc_single_image image=&#8221;2039&#8243; img_size=&#8221;full&#8221; style=&#8221;vc_box_outline&#8221; css=&#8221;&#8221;][vc_column_text css=&#8221;&#8221;]El suelo p\u00e9lvico es una especialidad dedicada al tratamiento de afecciones que afectan los m\u00fasculos y tejidos de la zona p\u00e9lvica. Estas afecciones pueden incluir incontinencia urinaria, prolapsos, disfunciones sexuales y dolor p\u00e9lvico cr\u00f3nico, impactando de manera significativa la salud y calidad de vida de quienes las padecen. Este servicio busca fortalecer y rehabilitar el suelo p\u00e9lvico, promoviendo el bienestar y recuperando la funcionalidad de esta \u00e1rea tan importante del cuerpo.<\/p>\n<p><a class=\"home-info\" href=\"https:\/\/fisioterapiaenibiza.com\/en\/specialties-and-treatments\/pelvic-floor\/\">M\u00e1s informaci\u00f3n &gt;&gt;&gt;<\/a>[\/vc_column_text][\/vc_column][\/vc_row][vc_row][vc_column][vc_custom_heading text=&#8221;Our physiotherapy centres of Grupo Policl\u00ednica Ibiza&#8221; font_container=&#8221;tag:h2|text_align:center&#8221; use_theme_fonts=&#8221;yes&#8221;][vc_column_text css=&#8221;.vc_custom_1733904993423{padding-top: 20px !important;padding-bottom: 20px !important;}&#8221;]En el <strong>Grupo Policl\u00ednica<\/strong> contamos con<strong> 44 salas de fisioterapia<\/strong> estrat\u00e9gicamente ubicadas en la isla de Ibiza: en el centro de Ibiza, Santa Eulalia y San Antonio.<\/p>\n<p>Ofrecemos <strong>tratamientos personalizados<\/strong> y adaptados a las necesidades espec\u00edficas de cada paciente, garantizando comodidad y eficacia en el manejo de diferentes patolog\u00edas.[\/vc_column_text][vc_single_image image=&#8221;1375&#8243; img_size=&#8221;medium&#8221; alignment=&#8221;center&#8221;][vc_column_text css=&#8221;.vc_custom_1733905389840{padding-top: 20px !important;padding-bottom: 20px !important;}&#8221;]<\/p>\n<h3><a href=\"https:\/\/fisioterapiaenibiza.com\/en\/vila-parc\/\"><strong>Cl\u00ednica Vila Parc<\/strong><\/a><\/h3>\n<p>En la primera planta de la <strong>Cl\u00ednica Vila Parc<\/strong> se encuentra la <strong>sala de fisioterapia m\u00e1s amplia y moderna de la isla de Ibiza<\/strong>. Este espacio cuenta con m\u00e1s de 30 profesionales altamente cualificados, dedicados al tratamiento de una amplia variedad de patolog\u00edas, como la fisioterapia neurol\u00f3gica, pedi\u00e1trica y postraum\u00e1tica, entre otras.<\/p>\n<p>Nuestro principal objetivo es mejorar la calidad de vida de los pacientes de manera eficaz y en el menor tiempo posible. Disponemos de <strong>equipamiento de \u00faltima generaci\u00f3n<\/strong>, incluyendo la \u00fanica unidad antigravedad en Ibiza, que permite iniciar la recuperaci\u00f3n de lesiones en extremidades inferiores de forma segura y anticipada.[\/vc_column_text][vc_images_carousel images=&#8221;1293,1303,1305,1486,1484&#8243; img_size=&#8221;full&#8221; slides_per_view=&#8221;2&#8243; autoplay=&#8221;yes&#8221; wrap=&#8221;yes&#8221; css=&#8221;.vc_custom_1685448384801{padding-top: 20px !important;padding-bottom: 20px !important;}&#8221;][vc_cta h2=&#8221;Do you want to know more?&#8221; add_button=&#8221;right&#8221; btn_title=&#8221;Contact&#8221; css=&#8221;&#8221; btn_el_class=&#8221;.popup-vilaparc&#8221;][\/vc_cta][vc_column_text css=&#8221;&#8221;]<\/p>\n<h3><a href=\"https:\/\/www.grupopoliclinica.es\/nuestros-centros\/fisioterapia-y-rehabilitacion-santa-eulalia\/\" target=\"_blank\" rel=\"noopener\"><strong>Santa Eulalia del R\u00edo<\/strong><\/a><\/h3>\n<p>En el<strong> centro de fisioterapia de Santa Eulalia del R\u00edo<\/strong>, nos comprometemos a ofrecer a nuestros pacientes un tratamiento personalizado y adaptado a sus necesidades. Con el objetivo de acercar nuestros servicios a todos los puntos de la isla de Ibiza, brindamos en esta ubicaci\u00f3n profesionalidad, cercan\u00eda y un trato inmejorable. Si necesitas un fisioterapeuta en Santa Eulalia del R\u00edo, <strong>nuestra cl\u00ednica es tu mejor opci\u00f3n.<\/strong>[\/vc_column_text][vc_images_carousel images=&#8221;932,1295,1301,1287,1297&#8243; img_size=&#8221;full&#8221; slides_per_view=&#8221;2&#8243; autoplay=&#8221;yes&#8221; wrap=&#8221;yes&#8221; css=&#8221;.vc_custom_1651148919193{padding-top: 20px !important;padding-bottom: 20px !important;}&#8221;][vc_cta h2=&#8221;Do you want to know more?&#8221; add_button=&#8221;right&#8221; btn_title=&#8221;Contact&#8221; css=&#8221;&#8221; btn_el_class=&#8221;.popup-santa&#8221;][\/vc_cta][vc_column_text css=&#8221;.vc_custom_1733905625963{padding-top: 20px !important;padding-bottom: 20px !important;}&#8221;]<\/p>\n<div class=\"elementor-element elementor-element-4c0f26e elementor-widget elementor-widget-text-editor\" data-id=\"4c0f26e\" data-element_type=\"widget\" data-widget_type=\"text-editor.default\">\n<div class=\"elementor-widget-container\">\n<div class=\"elementor-text-editor elementor-clearfix\">\n<h3><a href=\"https:\/\/www.grupopoliclinica.es\/centros\/fisioterapia-y-rehabilitacion-san-antonio\/\" target=\"_blank\" rel=\"noopener\"><strong>San Antonio<\/strong><\/a><\/h3>\n<p>En nuestro centro de <strong>San Antonio<\/strong> ofrecemos una atenci\u00f3n integral gracias a un equipo de profesionales altamente cualificados. Contamos con <strong>servicios especializados en fisioterapia<\/strong>, enfermer\u00eda y pediatr\u00eda, dise\u00f1ados para cubrir las necesidades de pacientes de todas las edades. Nos esforzamos por garantizar un trato personalizado y de calidad, adaptado a cada situaci\u00f3n para promover el bienestar y la salud de nuestra comunidad.<\/div>\n<\/div>\n<\/div>\n<p>[\/vc_column_text][vc_images_carousel images=&#8221;973,975,977,979,1488&#8243; img_size=&#8221;full&#8221; slides_per_view=&#8221;2&#8243; autoplay=&#8221;yes&#8221; wrap=&#8221;yes&#8221; css=&#8221;.vc_custom_1685448418823{padding-top: 20px !important;padding-bottom: 20px !important;}&#8221;][vc_cta h2=&#8221;Do you want to know more?&#8221; add_button=&#8221;right&#8221; btn_title=&#8221;Contact&#8221; css=&#8221;&#8221; btn_el_class=&#8221;.popup-antonio&#8221;][\/vc_cta][vc_column_text css=&#8221;.vc_custom_1733905833204{padding-top: 20px !important;padding-bottom: 20px !important;}&#8221;]<\/p>\n<div class=\"elementor-element elementor-element-4c0f26e elementor-widget elementor-widget-text-editor\" data-id=\"4c0f26e\" data-element_type=\"widget\" data-widget_type=\"text-editor.default\">\n<div class=\"elementor-widget-container\">\n<div class=\"elementor-text-editor elementor-clearfix\">\n<h3><a href=\"https:\/\/fisioterapiaenibiza.com\/en\/contact\/\"><strong>Jes\u00fas<\/strong><\/a><\/h3>\n<\/div>\n<\/div>\n<\/div>\n<div class=\"elementor-element elementor-element-4a4fad9 elementor-list-item-link-full_width elementor-widget elementor-widget-icon-list\" data-id=\"4a4fad9\" data-element_type=\"widget\" data-widget_type=\"icon-list.default\">\n<div class=\"elementor-widget-container\">\n<p>Ubicado en una zona estrat\u00e9gica, nuestro centro est\u00e1 dise\u00f1ado para brindar atenci\u00f3n especializada a los residentes de Jes\u00fas, Talamanca y alrededores. Ofrecemos tratamientos personalizados como terapia manual, electroterapia con tecnolog\u00eda avanzada (termoterapia, magnetoterapia y ultrasonidos), adem\u00e1s de programas de ejercicio terap\u00e9utico enfocados en mejorar la movilidad y promover el bienestar integral. Nuestro objetivo es garantizar un servicio de calidad adaptado a cada paciente.<\/p><\/div>\n<\/div>\n<p>[\/vc_column_text][vc_images_carousel images=&#8221;1478,1480&#8243; img_size=&#8221;full&#8221; slides_per_view=&#8221;2&#8243; autoplay=&#8221;yes&#8221; wrap=&#8221;yes&#8221; css=&#8221;.vc_custom_1685444538021{padding-top: 20px !important;padding-bottom: 20px !important;}&#8221;][vc_cta h2=&#8221;Do you want to know more?&#8221; add_button=&#8221;right&#8221; btn_title=&#8221;Contact&#8221; css=&#8221;&#8221; btn_el_class=&#8221;.popup-jesus&#8221;][\/vc_cta][\/vc_column][\/vc_row][vc_row][vc_column css=&#8221;.vc_custom_1454005019513{margin-top: 0px !important;padding-top: 0px !important;}&#8221;][vc_custom_heading text=&#8221;Acknowledgements and affiliations of the Policlinica Group&#8221; font_container=&#8221;tag:h2|text_align:center&#8221; use_theme_fonts=&#8221;yes&#8221; css=&#8221;.vc_custom_1685424555522{margin-bottom: 25px !important;}&#8221;][vc_row_inner][vc_column_inner width=&#8221;1\/6&#8243;][\/vc_column_inner][vc_column_inner width=&#8221;1\/6&#8243;][vc_single_image image=&#8221;112&#8243; img_size=&#8221;medium&#8221; alignment=&#8221;center&#8221; onclick=&#8221;custom_link&#8221; css_animation=&#8221;none&#8221; css=&#8221;&#8221; link=&#8221;https:\/\/fisioterapiaenibiza.com\/wp-content\/uploads\/2025.04.28-Certificado-Calidad-Turistica-val-2028.pdf&#8221;][\/vc_column_inner][vc_column_inner width=&#8221;1\/6&#8243;][vc_single_image image=&#8221;473&#8243; img_size=&#8221;medium&#8221; alignment=&#8221;center&#8221; onclick=&#8221;custom_link&#8221; css_animation=&#8221;none&#8221; css=&#8221;&#8221; link=&#8221;https:\/\/fisioterapiaenibiza.com\/wp-content\/uploads\/AnexoAlcanceER-0322-2015_ES_2024-07-22.pdf&#8221;][\/vc_column_inner][vc_column_inner width=&#8221;1\/6&#8243;][vc_single_image image=&#8221;475&#8243; img_size=&#8221;medium&#8221; alignment=&#8221;center&#8221; onclick=&#8221;custom_link&#8221; css_animation=&#8221;none&#8221; css=&#8221;&#8221; link=&#8221;https:\/\/fisioterapiaenibiza.com\/wp-content\/uploads\/CertificadoSS-2017-0001_ES_2024-07-12.pdf&#8221;][\/vc_column_inner][vc_column_inner width=&#8221;1\/6&#8243;][vc_single_image image=&#8221;477&#8243; img_size=&#8221;medium&#8221; alignment=&#8221;center&#8221; onclick=&#8221;custom_link&#8221; css_animation=&#8221;none&#8221; css=&#8221;&#8221; link=&#8221;https:\/\/fisioterapiaenibiza.com\/wp-content\/uploads\/CertificadoGTS-2020-0002_ES_2023-08-31.pdf&#8221;][\/vc_column_inner][vc_column_inner width=&#8221;1\/6&#8243;][\/vc_column_inner][\/vc_row_inner][\/vc_column][\/vc_row][vc_row][vc_column][vc_raw_js]JTNDc2NyaXB0JTIwdHlwZSUzRCUyMmFwcGxpY2F0aW9uJTJGbGQlMkJqc29uJTIyJTNFJTBBJTdCJTBBJTIwJTIwJTIyJTQwY29udGV4dCUyMiUzQSUyMCUyMmh0dHBzJTNBJTJGJTJGc2NoZW1hLm9yZyUyRiUyMiUyQyUyMCUwQSUyMCUyMCUyMiU0MHR5cGUlMjIlM0ElMjAlMjJQcm9kdWN0JTIyJTJDJTIwJTBBJTIwJTIwJTIybmFtZSUyMiUzQSUyMCUyMkZpc2lvdGVyYXBpYSUyMGVuJTIwSWJpemElMjIlMkMlMEElMjAlMjAlMjJpbWFnZSUyMiUzQSUyMCUyMmh0dHAlM0ElMkYlMkZmaXNpb3RlcmFwaWFlbmliaXphLmNvbSUyRndwLWNvbnRlbnQlMkZ1cGxvYWRzJTJGMjAyMDEyMDFfMTA0NDE0LmpwZyUyMiUyQyUwQSUyMCUyMCUyMmRlc2NyaXB0aW9uJTIyJTNBJTIwJTIyRW4lMjBGaXNpb3RlcmFwaWElMjBlbiUyMEliaXphJTIwc29tb3MlMjBsJUMzJUFEZGVyZXMlMjBlbiUyMGNhbGlkYWQlMjB5JTIwc2VydmljaW9zLiUyMEVuY3VlbnRyYSUyMHR1JTIwZmlzaW8lMjBkZSUyMGNvbmZpYW56YSUyMHBhcmElMjBwcmV2ZW5pciUyQyUyMGN1cmFyJTIwbyUyMHJlaGFiaWxpdGFyJTIwdHVzJTIwbGVzaW9uZXMuJTIyJTJDJTBBJTIwJTIwJTIyYnJhbmQlMjIlM0ElMjAlN0IlMEElMjAlMjAlMjAlMjAlMjIlNDB0eXBlJTIyJTNBJTIwJTIyQnJhbmQlMjIlMkMlMEElMjAlMjAlMjAlMjAlMjJuYW1lJTIyJTNBJTIwJTIyRmlzaW90ZXJhcGlhJTIwZW4lMjBJYml6YSUyMiUwQSUyMCUyMCU3RCUyQyUwQSUyMCUyMCUyMnNrdSUyMiUzQSUyMCUyMjAwMDglMjIlMkMlMEElMjAlMjAlMjJtcG4lMjIlM0ElMjAlMjIwMDA4JTIyJTJDJTBBJTIwJTIwJTIyb2ZmZXJzJTIyJTNBJTIwJTdCJTBBJTIwJTIwJTIwJTIwJTIyJTQwdHlwZSUyMiUzQSUyMCUyMk9mZmVyJTIyJTJDJTBBJTIwJTIwJTIwJTIwJTIydXJsJTIyJTNBJTIwJTIyaHR0cHMlM0ElMkYlMkZmaXNpb3RlcmFwaWFlbmliaXphLmNvbSUyRiUyMiUyQyUwQSUyMCUyMCUyMCUyMCUyMnByaWNlQ3VycmVuY3klMjIlM0ElMjAlMjJFVVIlMjIlMkMlMEElMjAlMjAlMjAlMjAlMjJwcmljZSUyMiUzQSUyMCUyMjAlMjIlMkMlMEElMjAlMjAlMjAlMjAlMjJwcmljZVZhbGlkVW50aWwlMjIlM0ElMjAlMjIyMDIzLTAyLTAxJTIyJTJDJTBBJTIwJTIwJTIwJTIwJTIyYXZhaWxhYmlsaXR5JTIyJTNBJTIwJTIyaHR0cHMlM0ElMkYlMkZzY2hlbWEub3JnJTJGSW5TdG9yZU9ubHklMjIlMEElMjAlMjAlN0QlMkMlMEElMjAlMjAlMjJhZ2dyZWdhdGVSYXRpbmclMjIlM0ElMjAlN0IlMEElMjAlMjAlMjAlMjAlMjIlNDB0eXBlJTIyJTNBJTIwJTIyQWdncmVnYXRlUmF0aW5nJTIyJTJDJTBBJTIwJTIwJTIwJTIwJTIycmF0aW5nVmFsdWUlMjIlM0ElMjAlMjI1JTIyJTJDJTBBJTIwJTIwJTIwJTIwJTIycmF0aW5nQ291bnQlMjIlM0ElMjAlMjI1JTIyJTBBJTIwJTIwJTdEJTJDJTBBJTIwJTIwJTIycmV2aWV3JTIyJTNBJTIwJTdCJTBBJTIwJTIwJTIwJTIwJTIyJTQwdHlwZSUyMiUzQSUyMCUyMlJldmlldyUyMiUyQyUwQSUyMCUyMCUyMCUyMCUyMnJldmlld0JvZHklMjIlM0ElMjAlMjJFcXVpcG8lMjBodW1hbm8lMjB5JTIwbWF0ZXJpYWwlMjBkZSUyMGxvJTIwbWVqb3IlMjBlbiUyMGxhJTIwaXNsYS4lMjIlMkMlMEElMjAlMjAlMjAlMjAlMjJhdXRob3IlMjIlM0ElMjAlN0IlMjIlNDB0eXBlJTIyJTNBJTIwJTIyUGVyc29uJTIyJTJDJTIwJTIybmFtZSUyMiUzQSUyMCUyMmpvc2UlMjBjYW1waWxsb3MlMjIlN0QlMEElMjAlMjAlN0QlMEElN0QlMEElM0MlMkZzY3JpcHQlM0U=[\/vc_raw_js][\/vc_column][\/vc_row]<\/p>\n<\/div>","protected":false},"excerpt":{"rendered":"<p>[vc_row full_content_width=&#8221;row-inner-full&#8221; top=&#8221;0&#8243; bottom=&#8221;0&#8243; row_show_on=&#8221;hide_mobile_landscape,hide_mobile_portrait&#8221; bg_color=&#8221;#3498db&#8221;][vc_column][rev_slider_vc alias=&#8221;home&#8221;][\/vc_column][\/vc_row][vc_row full_content_width=&#8221;row-inner-full&#8221; top=&#8221;0&#8243; bottom=&#8221;0&#8243; row_show_on=&#8221;hide_on_normal_screen,hide_tablet_landscape,hide_tablet_portrait&#8221; bg_color=&#8221;#3498db&#8221;][vc_column][vc_single_image image=&#8221;564&#8243; img_size=&#8221;full&#8221;][\/vc_column][\/vc_row][vc_row top=&#8221;35px&#8221; bottom=&#8221;0px&#8221;][vc_column][vc_custom_heading text=&#8221;PHYSIOTHERAPY IN IBIZA OF THE POLICLINICA GROUP&#8221; font_container=&#8221;tag:h1|text_align:center&#8221; use_theme_fonts=&#8221;yes&#8221;][\/vc_column][\/vc_row][vc_row top=&#8221;35px&#8221; bottom=&#8221;0px&#8221;][vc_column][vc_column_text css=&#8221;&#8221;] Nuestro principal objetivo es ofrecer un servicio de m\u00e1xima calidad a nuestros pacientes a trav\u00e9s de tratamientos de fisioterapia. Nos enfocamos en ofrecer una atenci\u00f3n cercana y [&hellip;]<\/p>\n","protected":false},"author":2,"featured_media":0,"parent":0,"menu_order":0,"comment_status":"closed","ping_status":"closed","template":"page-full-width.php","meta":{"rs_blank_template":"","rs_page_bg_color":"","slide_template_v7":"","footnotes":""},"class_list":["post-148","page","type-page","status-publish","hentry"],"_links":{"self":[{"href":"https:\/\/fisioterapiaenibiza.com\/en\/wp-json\/wp\/v2\/pages\/148","targetHints":{"allow":["GET"]}}],"collection":[{"href":"https:\/\/fisioterapiaenibiza.com\/en\/wp-json\/wp\/v2\/pages"}],"about":[{"href":"https:\/\/fisioterapiaenibiza.com\/en\/wp-json\/wp\/v2\/types\/page"}],"author":[{"embeddable":true,"href":"https:\/\/fisioterapiaenibiza.com\/en\/wp-json\/wp\/v2\/users\/2"}],"replies":[{"embeddable":true,"href":"https:\/\/fisioterapiaenibiza.com\/en\/wp-json\/wp\/v2\/comments?post=148"}],"version-history":[{"count":0,"href":"https:\/\/fisioterapiaenibiza.com\/en\/wp-json\/wp\/v2\/pages\/148\/revisions"}],"wp:attachment":[{"href":"https:\/\/fisioterapiaenibiza.com\/en\/wp-json\/wp\/v2\/media?parent=148"}],"curies":[{"name":"wp","href":"https:\/\/api.w.org\/{rel}","templated":true}]}}